{"id":4776,"date":"2026-02-25T16:23:00","date_gmt":"2026-02-25T13:23:00","guid":{"rendered":"https:\/\/www.istadentalclinic.com\/guarantee\/"},"modified":"2026-02-25T16:31:33","modified_gmt":"2026-02-25T13:31:33","slug":"guarantee","status":"publish","type":"page","link":"https:\/\/www.istadentalclinic.com\/de\/guarantee\/","title":{"rendered":"Guarantee"},"content":{"rendered":"\n<style type=\"text\/css\" data-created_by=\"avia_inline_auto\" id=\"style-css-av-kr38zi-8429da7eed463e086c2f24440003dce8\">\n.avia-section.av-kr38zi-8429da7eed463e086c2f24440003dce8{\nbackground-color:#233d7e;\nbackground-image:unset;\n}\n<\/style>\n<div id='av_section_1'  class='avia-section av-kr38zi-8429da7eed463e086c2f24440003dce8 main_color avia-section-default avia-no-border-styling  avia-builder-el-0  el_before_av_hr  avia-builder-el-first  avia-bg-style-scroll container_wrap fullsize'  ><div class='container av-section-cont-open' ><main  role=\"main\" itemprop=\"mainContentOfPage\"  class='template-page content  av-content-full alpha units'><div class='post-entry post-entry-type-page post-entry-4776'><div class='entry-content-wrapper clearfix'>\n\n<style type=\"text\/css\" data-created_by=\"avia_inline_auto\" id=\"style-css-av-iqh0by-97afea50fc07f6a9545e30a807185406\">\n#top .av_textblock_section.av-iqh0by-97afea50fc07f6a9545e30a807185406 .avia_textblock{\ncolor:#ffffff;\n}\n<\/style>\n<section  class='av_textblock_section av-iqh0by-97afea50fc07f6a9545e30a807185406 '   itemscope=\"itemscope\" itemtype=\"https:\/\/schema.org\/CreativeWork\" ><div class='avia_textblock av_inherit_color'  itemprop=\"text\" ><h1 style=\"text-align: center;\">Ihr L\u00e4cheln ist Garantiert<\/h1>\n<\/div><\/section>\n<\/div><\/div><\/main><!-- close content main element --><\/div><\/div><div id='after_section_1'  class='main_color av_default_container_wrap container_wrap fullsize'  ><div class='container av-section-cont-open' ><div class='template-page content  av-content-full alpha units'><div class='post-entry post-entry-type-page post-entry-4776'><div class='entry-content-wrapper clearfix'><div  class='hr av-h6yc66-538e8d7b5287bde71477bbc28fbf47d8 hr-default  avia-builder-el-2  el_after_av_section  el_before_av_one_half  avia-builder-el-first '><span class='hr-inner '><span class=\"hr-inner-style\"><\/span><\/span><\/div><\/p>\n<div  class='flex_column av-fp13wu-aace0102632354f4a418f98fd44566f1 av_one_half  avia-builder-el-3  el_after_av_hr  el_before_av_one_half  first flex_column_div  '     ><style type=\"text\/css\" data-created_by=\"avia_inline_auto\" id=\"style-css-av-dtj726-f9bc5c7f9ceeb5b35f7a37ebb1ae67ce\">\n.avia-image-container.av-dtj726-f9bc5c7f9ceeb5b35f7a37ebb1ae67ce img.avia_image{\nbox-shadow:none;\n}\n.avia-image-container.av-dtj726-f9bc5c7f9ceeb5b35f7a37ebb1ae67ce .av-image-caption-overlay-center{\ncolor:#ffffff;\n}\n<\/style>\n<div  class='avia-image-container av-dtj726-f9bc5c7f9ceeb5b35f7a37ebb1ae67ce av-styling- avia-align-center  avia-builder-el-4  avia-builder-el-no-sibling  img-rounded-2'   itemprop=\"image\" itemscope=\"itemscope\" itemtype=\"https:\/\/schema.org\/ImageObject\" ><div class=\"avia-image-container-inner\"><div class=\"avia-image-overlay-wrap\"><img loading=\"lazy\" decoding=\"async\" loading=\"lazy\" loading=\"lazy\" class='wp-image-4728 avia-img-lazy-loading-4728 avia_image ' src=\"https:\/\/www.istadentalclinic.com\/wp-content\/uploads\/2026\/02\/ISTADENTAL-GARANTI-KARTI2.jpg.jpeg\" alt='' title='I\u0307STADENTAL GARANTI\u0307 KARTI2.jpg'  height=\"638\" width=\"1016\"  itemprop=\"thumbnailUrl\" srcset=\"https:\/\/www.istadentalclinic.com\/wp-content\/uploads\/2026\/02\/ISTADENTAL-GARANTI-KARTI2.jpg.jpeg 1016w, https:\/\/www.istadentalclinic.com\/wp-content\/uploads\/2026\/02\/ISTADENTAL-GARANTI-KARTI2.jpg-300x188.jpeg 300w, https:\/\/www.istadentalclinic.com\/wp-content\/uploads\/2026\/02\/ISTADENTAL-GARANTI-KARTI2.jpg-768x482.jpeg 768w, https:\/\/www.istadentalclinic.com\/wp-content\/uploads\/2026\/02\/ISTADENTAL-GARANTI-KARTI2.jpg-705x443.jpeg 705w\" sizes=\"auto, (max-width: 1016px) 100vw, 1016px\" \/><\/div><\/div><\/div><\/div>\n<div  class='flex_column av-1969ce-8d039025e39dda6970cef6b3adbfe791 av_one_half  avia-builder-el-5  el_after_av_one_half  el_before_av_hr  flex_column_div  '     ><style type=\"text\/css\" data-created_by=\"avia_inline_auto\" id=\"style-css-av-139fb2-1df0637ca84a9ce46b6805bdd90d516c\">\n.avia-image-container.av-139fb2-1df0637ca84a9ce46b6805bdd90d516c img.avia_image{\nbox-shadow:none;\n}\n.avia-image-container.av-139fb2-1df0637ca84a9ce46b6805bdd90d516c .av-image-caption-overlay-center{\ncolor:#ffffff;\n}\n<\/style>\n<div  class='avia-image-container av-139fb2-1df0637ca84a9ce46b6805bdd90d516c av-styling- avia-align-center  avia-builder-el-6  avia-builder-el-no-sibling  img-rounded-2'   itemprop=\"image\" itemscope=\"itemscope\" itemtype=\"https:\/\/schema.org\/ImageObject\" ><div class=\"avia-image-container-inner\"><div class=\"avia-image-overlay-wrap\"><img loading=\"lazy\" decoding=\"async\" loading=\"lazy\" loading=\"lazy\" class='wp-image-4723 avia-img-lazy-loading-4723 avia_image ' src=\"https:\/\/www.istadentalclinic.com\/wp-content\/uploads\/2026\/02\/ISTADENTAL-GARANTI-KARTI1.jpg.jpeg\" alt='' title='I\u0307STADENTAL GARANTI\u0307 KARTI1.jpg'  height=\"642\" width=\"1020\"  itemprop=\"thumbnailUrl\" srcset=\"https:\/\/www.istadentalclinic.com\/wp-content\/uploads\/2026\/02\/ISTADENTAL-GARANTI-KARTI1.jpg.jpeg 1020w, https:\/\/www.istadentalclinic.com\/wp-content\/uploads\/2026\/02\/ISTADENTAL-GARANTI-KARTI1.jpg-300x189.jpeg 300w, https:\/\/www.istadentalclinic.com\/wp-content\/uploads\/2026\/02\/ISTADENTAL-GARANTI-KARTI1.jpg-768x483.jpeg 768w, https:\/\/www.istadentalclinic.com\/wp-content\/uploads\/2026\/02\/ISTADENTAL-GARANTI-KARTI1.jpg-705x444.jpeg 705w\" sizes=\"auto, (max-width: 1020px) 100vw, 1020px\" \/><\/div><\/div><\/div><\/div>\n<div  class='hr av-9207oe-ecd0db1391ac5f405128a9c46d0e94f6 hr-default  avia-builder-el-7  el_after_av_one_half  el_before_av_textblock '><span class='hr-inner '><span class=\"hr-inner-style\"><\/span><\/span><\/div>\n<section  class='av_textblock_section av-7dxkqm-2549fddc574bc399d139a83ee8929371 '   itemscope=\"itemscope\" itemtype=\"https:\/\/schema.org\/CreativeWork\" ><div class='avia_textblock'  itemprop=\"text\" ><h2 style=\"text-align: center;\" data-start=\"0\" data-end=\"69\">Bei Istadental stehen wir hinter der Qualit\u00e4t unserer Behandlungen<\/h2>\n<p style=\"text-align: center;\" data-start=\"71\" data-end=\"143\">Wir bieten eine schriftliche Garantie je nach Standort der Behandlung:<\/p>\n<p style=\"text-align: center;\" data-start=\"147\" data-end=\"219\">5 Jahre Garantie f\u00fcr Behandlungen, die in Istanbul durchgef\u00fchrt wurden2 Jahre Garantie f\u00fcr Behandlungen, die in Frankfurt durchgef\u00fchrt wurden<\/p>\n<p style=\"text-align: center;\" data-start=\"297\" data-end=\"513\" data-is-last-node=\"\" data-is-only-node=\"\">Diese Garantie gilt f\u00fcr zahn\u00e4rztliche Restaurationen und Behandlungen in unseren Kliniken, vorausgesetzt, die Patienten befolgen die empfohlenen Nachsorgehinweise und nehmen regelm\u00e4\u00dfig an Kontrolluntersuchungen teil.<\/p>\n<\/div><\/section>\n<div  class='hr av-629tri-ea37070a53e22c067a1a0e935d324d93 hr-default  avia-builder-el-9  el_after_av_textblock  el_before_av_two_third '><span class='hr-inner '><span class=\"hr-inner-style\"><\/span><\/span><\/div>\n<div class='flex_column_table av-4hc56m-ed46811d1a72d99c39af8f2843c061c3 sc-av_two_third av-equal-height-column-flextable'><div  class='flex_column av-4hc56m-ed46811d1a72d99c39af8f2843c061c3 av_two_third  avia-builder-el-10  el_after_av_hr  avia-builder-el-last  border-rounded first flex_column_table_cell av-equal-height-column av-align-middle av-animated-generic right-to-left  '     ><div  class='avia-video av-aw4by-27ab1f692eb942991fe599aae0c446dd avia-video-16-9 av-no-preview-image avia-video-load-always av-lazyload-immediate av-lazyload-video-embed'  itemprop=\"video\" itemtype=\"https:\/\/schema.org\/VideoObject\"  data-original_url='https:\/\/www.youtube.com\/watch?v=KfICeEcMZ2s&amp;t=1s'><script type='text\/html' class='av-video-tmpl'><div class='avia-iframe-wrap'><iframe title=\"Smile To The World\" width=\"1500\" height=\"844\" src=\"https:\/\/www.youtube.com\/embed\/KfICeEcMZ2s?start=1&feature=oembed&autoplay=1&loop=1&controls=0&mute=1&playlist=KfICeEcMZ2s&amp;t=1s\" frameborder=\"0\" allow=\"accelerometer; autoplay; clipboard-write; encrypted-media; gyroscope; picture-in-picture; web-share\" referrerpolicy=\"strict-origin-when-cross-origin\" allowfullscreen><\/iframe><\/div><\/script><div class='av-click-to-play-overlay'><div class=\"avia_playpause_icon\"><\/div><\/div><\/div><\/div><\/div><!--close column table wrapper. Autoclose: 1 -->\n","protected":false},"excerpt":{"rendered":"","protected":false},"author":13,"featured_media":0,"parent":0,"menu_order":0,"comment_status":"closed","ping_status":"closed","template":"","meta":{"footnotes":""},"class_list":["post-4776","page","type-page","status-publish","hentry"],"_links":{"self":[{"href":"https:\/\/www.istadentalclinic.com\/de\/wp-json\/wp\/v2\/pages\/4776","targetHints":{"allow":["GET"]}}],"collection":[{"href":"https:\/\/www.istadentalclinic.com\/de\/wp-json\/wp\/v2\/pages"}],"about":[{"href":"https:\/\/www.istadentalclinic.com\/de\/wp-json\/wp\/v2\/types\/page"}],"author":[{"embeddable":true,"href":"https:\/\/www.istadentalclinic.com\/de\/wp-json\/wp\/v2\/users\/13"}],"replies":[{"embeddable":true,"href":"https:\/\/www.istadentalclinic.com\/de\/wp-json\/wp\/v2\/comments?post=4776"}],"version-history":[{"count":3,"href":"https:\/\/www.istadentalclinic.com\/de\/wp-json\/wp\/v2\/pages\/4776\/revisions"}],"predecessor-version":[{"id":4777,"href":"https:\/\/www.istadentalclinic.com\/de\/wp-json\/wp\/v2\/pages\/4776\/revisions\/4777"}],"wp:attachment":[{"href":"https:\/\/www.istadentalclinic.com\/de\/wp-json\/wp\/v2\/media?parent=4776"}],"curies":[{"name":"wp","href":"https:\/\/api.w.org\/{rel}","templated":true}]}}