{"id":2562,"date":"2024-08-23T12:35:28","date_gmt":"2024-08-23T09:35:28","guid":{"rendered":"http:\/\/www.parsiyeltir.com\/?page_id=2562"},"modified":"2024-10-12T16:34:28","modified_gmt":"2024-10-12T13:34:28","slug":"cta-01-de","status":"publish","type":"page","link":"https:\/\/www.istadentalclinic.com\/de\/cta-01-de\/","title":{"rendered":"CTA-01 DE"},"content":{"rendered":"\n<style type=\"text\/css\" data-created_by=\"avia_inline_auto\" id=\"style-css-av-1g1vuh-1f8d4a50852b3d443f6292b7d2cd64d0\">\n.avia-section.av-1g1vuh-1f8d4a50852b3d443f6292b7d2cd64d0{\nbackground-color:#f6f7f7;\nbackground-image:unset;\n}\n<\/style>\n<div id='av_section_1'  class='avia-section av-1g1vuh-1f8d4a50852b3d443f6292b7d2cd64d0 main_color avia-section-default avia-no-border-styling  avia-builder-el-0  avia-builder-el-no-sibling  avia-bg-style-scroll container_wrap fullsize'  ><div class='container av-section-cont-open' ><main  role=\"main\" itemprop=\"mainContentOfPage\"  class='template-page content  av-content-full alpha units'><div class='post-entry post-entry-type-page post-entry-2562'><div class='entry-content-wrapper clearfix'>\n<div class='flex_column_table av-16hcap-84213cf2def0182ab1c0d09feb25fc9c sc-av_two_fifth av-equal-height-column-flextable'><div  class='flex_column av-16hcap-84213cf2def0182ab1c0d09feb25fc9c av_two_fifth  avia-builder-el-1  el_before_av_three_fifth  avia-builder-el-first  first flex_column_table_cell av-equal-height-column av-align-middle  '     ><\/div><div class='av-flex-placeholder'><\/div><div  class='flex_column av-7zkld-abda9d02160bd6de291f998456e73dfb av_three_fifth  avia-builder-el-3  el_after_av_two_fifth  avia-builder-el-last  flex_column_table_cell av-equal-height-column av-align-middle  '     ><p>\n<style type=\"text\/css\" data-created_by=\"avia_inline_auto\" id=\"style-css-av-m06igm7x-1c3aaa6b47d6b856f3f8ef5c446deb68\">\n#top .av-special-heading.av-m06igm7x-1c3aaa6b47d6b856f3f8ef5c446deb68{\nmargin:0px 0px 0px 0px;\npadding-bottom:10px;\nfont-size:26px;\n}\nbody .av-special-heading.av-m06igm7x-1c3aaa6b47d6b856f3f8ef5c446deb68 .av-special-heading-tag .heading-char{\nfont-size:25px;\n}\n#top #wrap_all .av-special-heading.av-m06igm7x-1c3aaa6b47d6b856f3f8ef5c446deb68 .av-special-heading-tag{\nfont-size:26px;\npadding:0px 0px 0px 0px;\n}\n.av-special-heading.av-m06igm7x-1c3aaa6b47d6b856f3f8ef5c446deb68 .av-subheading{\nfont-size:15px;\n}\n\n@media only screen and (min-width: 480px) and (max-width: 767px){ \n#top #wrap_all .av-special-heading.av-m06igm7x-1c3aaa6b47d6b856f3f8ef5c446deb68 .av-special-heading-tag{\nfont-size:0.8em;\n}\n}\n\n@media only screen and (max-width: 479px){ \n#top #wrap_all .av-special-heading.av-m06igm7x-1c3aaa6b47d6b856f3f8ef5c446deb68 .av-special-heading-tag{\nfont-size:0.8em;\n}\n}\n<\/style>\n<div  class='av-special-heading av-m06igm7x-1c3aaa6b47d6b856f3f8ef5c446deb68 av-special-heading-h3 blockquote modern-quote  avia-builder-el-4  el_before_av_textblock  avia-builder-el-first  line-height-15 av-inherit-size'><h3 class='av-special-heading-tag'  itemprop=\"headline\"  >Gesundheit wartet nicht. Vereinbaren Sie jetzt einen Termin. Unsere Experten werden sich mit Ihnen treffen und den am besten geeigneten Zeitpunkt und Plan festlegen.<\/h3><div class=\"special-heading-border\"><div class=\"special-heading-inner-border\"><\/div><\/div><\/div><br \/>\n<section  class='av_textblock_section av-m06ilpct-8ea97ce3d9487565c158a662ac45e9fa '   itemscope=\"itemscope\" itemtype=\"https:\/\/schema.org\/CreativeWork\" ><div class='avia_textblock'  itemprop=\"text\" ><p>Geh\u00f6ren Sie zu den Tausenden unserer G\u00e4ste, die mit Istadental ein gesundes L\u00e4cheln erreicht haben.<\/p>\n<\/div><\/section><br \/>\n<div  class='avia-buttonrow-wrap av-m06in2z0-05f1a25aa4a4cfed6ad29b37cfdf7230 avia-buttonrow-left  avia-builder-el-6  el_after_av_textblock  el_before_av_iconlist '>\n\n<style type=\"text\/css\" data-created_by=\"avia_inline_auto\" id=\"style-css-av-m06in080-f256fc72bdfae4c8f107b1ddf2868513\">\n#top #wrap_all .avia-button.av-m06in080-f256fc72bdfae4c8f107b1ddf2868513{\nfont-size:16px;\ntransition:all 0.4s ease-in-out;\nmargin-bottom:5px;\nmargin-right:5px;\n}\n<\/style>\n<a href='https:\/\/www.istadentalclinic.com\/de\/kontakt-de\/'  class='avia-button av-m06in080-f256fc72bdfae4c8f107b1ddf2868513 avia-icon_select-no avia-size-large avia-color-theme-color-highlight'  ><span class='avia_iconbox_title' >Unsere Kontaktinformationen<\/span><\/a>\n\n<style type=\"text\/css\" data-created_by=\"avia_inline_auto\" id=\"style-css-av-78z15-837f7f05e1c476245902c4cb00422601\">\n#top #wrap_all .avia-button.av-78z15-837f7f05e1c476245902c4cb00422601{\nfont-size:16px;\ntransition:all 0.4s ease-in-out;\nmargin-bottom:5px;\nmargin-right:5px;\n}\n<\/style>\n<a href=\"https:\/\/wa.me\/+496933299962\" class=\"avia-button av-78z15-837f7f05e1c476245902c4cb00422601 avia-icon_select-yes-left-icon avia-size-large avia-color-green\" target=\"_blank\" rel=\"noopener noreferrer\"><span class='avia_button_icon avia_button_icon_left ' aria-hidden='true' data-av_icon='\uf232' data-av_iconfont='entypo-fontello'><\/span><span class='avia_iconbox_title' >Fragen Sie per WhatsApp<\/span><\/a>\n<\/div><br \/>\n<div  class='avia-icon-list-container av-m06ikyd3-290524e1e1fd5718433205bbd59329ca  avia-builder-el-7  el_after_av_buttonrow  el_before_av_image '><ul class='avia-icon-list avia_animate_when_almost_visible avia-icon-list-left av-iconlist-small av-m06ikyd3-290524e1e1fd5718433205bbd59329ca avia-iconlist-animate'>\n<li><div class='iconlist_icon av-m06ik6fk-c052e24a83cd94af37eb23a3457e6882 avia-font-entypo-fontello'><span class='iconlist-char' aria-hidden='true' data-av_icon='\ue812' data-av_iconfont='entypo-fontello'><\/span><\/div><article class=\"article-icon-entry av-iconlist-empty\"  itemscope=\"itemscope\" itemtype=\"https:\/\/schema.org\/CreativeWork\" ><div class=\"iconlist_content_wrap\"><header class=\"entry-content-header\"><div class='av_iconlist_title iconlist_title_small  '  itemprop=\"headline\" >Kostenlose Diagnose<\/div><\/header><div class='iconlist_content '  itemprop=\"text\" ><\/div><\/div><footer class=\"entry-footer\"><\/footer><\/article><div class=\"iconlist-timeline\"><\/div><\/li>\n<li><div class='iconlist_icon av-m06ik6fk-2-2f1110f1e40c9c3d6ae0fceb45d804a7 avia-font-entypo-fontello'><span class='iconlist-char' aria-hidden='true' data-av_icon='\ue812' data-av_iconfont='entypo-fontello'><\/span><\/div><article class=\"article-icon-entry av-iconlist-empty\"  itemscope=\"itemscope\" itemtype=\"https:\/\/schema.org\/CreativeWork\" ><div class=\"iconlist_content_wrap\"><header class=\"entry-content-header\"><div class='av_iconlist_title iconlist_title_small  '  itemprop=\"headline\" >Ihr pers\u00f6nliches Budget und Ihre Reservierung<\/div><\/header><div class='iconlist_content '  itemprop=\"text\" ><\/div><\/div><footer class=\"entry-footer\"><\/footer><\/article><div class=\"iconlist-timeline\"><\/div><\/li>\n<li><div class='iconlist_icon av-m06ik6fk-1-3d9fe029fdff293679c9e4ac5983189d avia-font-entypo-fontello'><span class='iconlist-char' aria-hidden='true' data-av_icon='\ue812' data-av_iconfont='entypo-fontello'><\/span><\/div><article class=\"article-icon-entry av-iconlist-empty\"  itemscope=\"itemscope\" itemtype=\"https:\/\/schema.org\/CreativeWork\" ><div class=\"iconlist_content_wrap\"><header class=\"entry-content-header\"><div class='av_iconlist_title iconlist_title_small  '  itemprop=\"headline\" >VIP-Transport vom Flughafen zum Hotel<\/div><\/header><div class='iconlist_content '  itemprop=\"text\" ><\/div><\/div><footer class=\"entry-footer\"><\/footer><\/article><div class=\"iconlist-timeline\"><\/div><\/li>\n<\/ul><\/div><br \/>\n\n<style type=\"text\/css\" data-created_by=\"avia_inline_auto\" id=\"style-css-av-m06iiuai-d9e5c87142efbfd43ebfeed2a27297b8\">\n.avia-image-container.av-m06iiuai-d9e5c87142efbfd43ebfeed2a27297b8 img.avia_image{\nbox-shadow:none;\n}\n.avia-image-container.av-m06iiuai-d9e5c87142efbfd43ebfeed2a27297b8 .av-image-caption-overlay-center{\ncolor:#ffffff;\n}\n<\/style>\n<div  class='avia-image-container av-m06iiuai-d9e5c87142efbfd43ebfeed2a27297b8 av-styling- avia-align-center  avia-builder-el-8  el_after_av_iconlist  avia-builder-el-last '   itemprop=\"image\" itemscope=\"itemscope\" itemtype=\"https:\/\/schema.org\/ImageObject\" ><div class=\"avia-image-container-inner\"><div class=\"avia-image-overlay-wrap\"><img fetchpriority=\"high\" decoding=\"async\" fetchpriority=\"high\" fetchpriority=\"high\" class='wp-image-2080 avia-img-lazy-loading-not-2080 avia_image ' src=\"https:\/\/www.istadentalclinic.com\/wp-content\/uploads\/2024\/08\/istadental-cta-interst-01.jpg\" alt='' title='istadental-cta-interst-01'  height=\"569\" width=\"1800\"  itemprop=\"thumbnailUrl\" srcset=\"https:\/\/www.istadentalclinic.com\/wp-content\/uploads\/2024\/08\/istadental-cta-interst-01.jpg 1800w, https:\/\/www.istadentalclinic.com\/wp-content\/uploads\/2024\/08\/istadental-cta-interst-01-300x95.jpg 300w, https:\/\/www.istadentalclinic.com\/wp-content\/uploads\/2024\/08\/istadental-cta-interst-01-1030x326.jpg 1030w, https:\/\/www.istadentalclinic.com\/wp-content\/uploads\/2024\/08\/istadental-cta-interst-01-768x243.jpg 768w, https:\/\/www.istadentalclinic.com\/wp-content\/uploads\/2024\/08\/istadental-cta-interst-01-1536x486.jpg 1536w, https:\/\/www.istadentalclinic.com\/wp-content\/uploads\/2024\/08\/istadental-cta-interst-01-1500x474.jpg 1500w, https:\/\/www.istadentalclinic.com\/wp-content\/uploads\/2024\/08\/istadental-cta-interst-01-705x223.jpg 705w\" sizes=\"(max-width: 1800px) 100vw, 1800px\" \/><\/div><\/div><\/div><\/p><\/div><\/div><!--close column table wrapper. Autoclose: 1 -->\n","protected":false},"excerpt":{"rendered":"","protected":false},"author":1,"featured_media":0,"parent":0,"menu_order":0,"comment_status":"closed","ping_status":"closed","template":"","meta":{"footnotes":""},"class_list":["post-2562","page","type-page","status-publish","hentry"],"_links":{"self":[{"href":"https:\/\/www.istadentalclinic.com\/de\/wp-json\/wp\/v2\/pages\/2562","targetHints":{"allow":["GET"]}}],"collection":[{"href":"https:\/\/www.istadentalclinic.com\/de\/wp-json\/wp\/v2\/pages"}],"about":[{"href":"https:\/\/www.istadentalclinic.com\/de\/wp-json\/wp\/v2\/types\/page"}],"author":[{"embeddable":true,"href":"https:\/\/www.istadentalclinic.com\/de\/wp-json\/wp\/v2\/users\/1"}],"replies":[{"embeddable":true,"href":"https:\/\/www.istadentalclinic.com\/de\/wp-json\/wp\/v2\/comments?post=2562"}],"version-history":[{"count":4,"href":"https:\/\/www.istadentalclinic.com\/de\/wp-json\/wp\/v2\/pages\/2562\/revisions"}],"predecessor-version":[{"id":2643,"href":"https:\/\/www.istadentalclinic.com\/de\/wp-json\/wp\/v2\/pages\/2562\/revisions\/2643"}],"wp:attachment":[{"href":"https:\/\/www.istadentalclinic.com\/de\/wp-json\/wp\/v2\/media?parent=2562"}],"curies":[{"name":"wp","href":"https:\/\/api.w.org\/{rel}","templated":true}]}}